{"id":3964,"date":"2019-03-26T10:02:04","date_gmt":"2019-03-26T09:02:04","guid":{"rendered":"https:\/\/hotelvictoriavicenza.com\/?page_id=3964"},"modified":"2020-01-27T17:27:00","modified_gmt":"2020-01-27T16:27:00","slug":"residence","status":"publish","type":"page","link":"https:\/\/www.hotelvictoriavicenza.com\/fr\/residence\/","title":{"rendered":"Residence"},"content":{"rendered":"\n\n<\/p>\n","protected":false},"excerpt":{"rendered":"","protected":false},"author":1,"featured_media":0,"parent":0,"menu_order":0,"comment_status":"closed","ping_status":"closed","template":"","meta":{"footnotes":""},"class_list":["post-3964","page","type-page","status-publish","hentry"],"yoast_head":"<!-- This site is optimized with the Yoast SEO plugin v23.6 - https:\/\/yoast.com\/wordpress\/plugins\/seo\/ -->\n<title>Hotel Victoria Vicenza - l&#039;h\u00f4tel a Vicenza avec piscine et salle de fitness<\/title>\n<meta name=\"description\" content=\"h\u00f4tel pr\u00e8s du centre historique de Vicence, avec piscine, restaurant, salle de fitness, salle de conf\u00e9rence, et \u00e0 pr\u00e8s de la caserne Ederle.\" \/>\n<meta name=\"robots\" content=\"index, follow, max-snippet:-1, max-image-preview:large, max-video-preview:-1\" \/>\n<link rel=\"canonical\" href=\"https:\/\/www.hotelvictoriavicenza.com\/fr\/residence\/\" \/>\n<meta property=\"og:locale\" content=\"fr_FR\" \/>\n<meta property=\"og:type\" content=\"article\" \/>\n<meta property=\"og:title\" content=\"Hotel Victoria Vicenza - l&#039;h\u00f4tel a Vicenza avec piscine et salle de fitness\" \/>\n<meta property=\"og:description\" content=\"h\u00f4tel pr\u00e8s du centre historique de Vicence, avec piscine, restaurant, salle de fitness, salle de conf\u00e9rence, et \u00e0 pr\u00e8s de la caserne Ederle.\" \/>\n<meta property=\"og:url\" content=\"https:\/\/www.hotelvictoriavicenza.com\/fr\/residence\/\" \/>\n<meta property=\"og:site_name\" content=\"Hotel Victoria Vicenza\" \/>\n<meta property=\"article:modified_time\" content=\"2020-01-27T16:27:00+00:00\" \/>\n<meta name=\"twitter:card\" content=\"summary_large_image\" \/>\n<meta name=\"twitter:label1\" content=\"Dur\u00e9e de lecture estim\u00e9e\" \/>\n\t<meta name=\"twitter:data1\" content=\"5 minutes\" \/>\n<script type=\"application\/ld+json\" class=\"yoast-schema-graph\">{\"@context\":\"https:\/\/schema.org\",\"@graph\":[{\"@type\":\"WebPage\",\"@id\":\"https:\/\/www.hotelvictoriavicenza.com\/fr\/residence\/\",\"url\":\"https:\/\/www.hotelvictoriavicenza.com\/fr\/residence\/\",\"name\":\"Hotel Victoria Vicenza - l'h\u00f4tel a Vicenza avec piscine et salle de fitness\",\"isPartOf\":{\"@id\":\"https:\/\/www.hotelvictoriavicenza.com\/#website\"},\"datePublished\":\"2019-03-26T09:02:04+00:00\",\"dateModified\":\"2020-01-27T16:27:00+00:00\",\"description\":\"h\u00f4tel pr\u00e8s du centre historique de Vicence, avec piscine, restaurant, salle de fitness, salle de conf\u00e9rence, et \u00e0 pr\u00e8s de la caserne Ederle.\",\"breadcrumb\":{\"@id\":\"https:\/\/www.hotelvictoriavicenza.com\/fr\/residence\/#breadcrumb\"},\"inLanguage\":\"fr-FR\",\"potentialAction\":[{\"@type\":\"ReadAction\",\"target\":[\"https:\/\/www.hotelvictoriavicenza.com\/fr\/residence\/\"]}]},{\"@type\":\"BreadcrumbList\",\"@id\":\"https:\/\/www.hotelvictoriavicenza.com\/fr\/residence\/#breadcrumb\",\"itemListElement\":[{\"@type\":\"ListItem\",\"position\":1,\"name\":\"Home\",\"item\":\"https:\/\/www.hotelvictoriavicenza.com\/fr\/\"},{\"@type\":\"ListItem\",\"position\":2,\"name\":\"Residence\"}]},{\"@type\":\"WebSite\",\"@id\":\"https:\/\/www.hotelvictoriavicenza.com\/#website\",\"url\":\"https:\/\/www.hotelvictoriavicenza.com\/\",\"name\":\"Hotel Victoria Vicenza\",\"description\":\"\",\"potentialAction\":[{\"@type\":\"SearchAction\",\"target\":{\"@type\":\"EntryPoint\",\"urlTemplate\":\"https:\/\/www.hotelvictoriavicenza.com\/?s={search_term_string}\"},\"query-input\":{\"@type\":\"PropertyValueSpecification\",\"valueRequired\":true,\"valueName\":\"search_term_string\"}}],\"inLanguage\":\"fr-FR\"}]}<\/script>\n<!-- \/ Yoast SEO plugin. -->","yoast_head_json":{"title":"Hotel Victoria Vicenza - l'h\u00f4tel a Vicenza avec piscine et salle de fitness","description":"h\u00f4tel pr\u00e8s du centre historique de Vicence, avec piscine, restaurant, salle de fitness, salle de conf\u00e9rence, et \u00e0 pr\u00e8s de la caserne Ederle.","robots":{"index":"index","follow":"follow","max-snippet":"max-snippet:-1","max-image-preview":"max-image-preview:large","max-video-preview":"max-video-preview:-1"},"canonical":"https:\/\/www.hotelvictoriavicenza.com\/fr\/residence\/","og_locale":"fr_FR","og_type":"article","og_title":"Hotel Victoria Vicenza - l'h\u00f4tel a Vicenza avec piscine et salle de fitness","og_description":"h\u00f4tel pr\u00e8s du centre historique de Vicence, avec piscine, restaurant, salle de fitness, salle de conf\u00e9rence, et \u00e0 pr\u00e8s de la caserne Ederle.","og_url":"https:\/\/www.hotelvictoriavicenza.com\/fr\/residence\/","og_site_name":"Hotel Victoria Vicenza","article_modified_time":"2020-01-27T16:27:00+00:00","twitter_card":"summary_large_image","twitter_misc":{"Dur\u00e9e de lecture estim\u00e9e":"5 minutes"},"schema":{"@context":"https:\/\/schema.org","@graph":[{"@type":"WebPage","@id":"https:\/\/www.hotelvictoriavicenza.com\/fr\/residence\/","url":"https:\/\/www.hotelvictoriavicenza.com\/fr\/residence\/","name":"Hotel Victoria Vicenza - l'h\u00f4tel a Vicenza avec piscine et salle de fitness","isPartOf":{"@id":"https:\/\/www.hotelvictoriavicenza.com\/#website"},"datePublished":"2019-03-26T09:02:04+00:00","dateModified":"2020-01-27T16:27:00+00:00","description":"h\u00f4tel pr\u00e8s du centre historique de Vicence, avec piscine, restaurant, salle de fitness, salle de conf\u00e9rence, et \u00e0 pr\u00e8s de la caserne Ederle.","breadcrumb":{"@id":"https:\/\/www.hotelvictoriavicenza.com\/fr\/residence\/#breadcrumb"},"inLanguage":"fr-FR","potentialAction":[{"@type":"ReadAction","target":["https:\/\/www.hotelvictoriavicenza.com\/fr\/residence\/"]}]},{"@type":"BreadcrumbList","@id":"https:\/\/www.hotelvictoriavicenza.com\/fr\/residence\/#breadcrumb","itemListElement":[{"@type":"ListItem","position":1,"name":"Home","item":"https:\/\/www.hotelvictoriavicenza.com\/fr\/"},{"@type":"ListItem","position":2,"name":"Residence"}]},{"@type":"WebSite","@id":"https:\/\/www.hotelvictoriavicenza.com\/#website","url":"https:\/\/www.hotelvictoriavicenza.com\/","name":"Hotel Victoria Vicenza","description":"","potentialAction":[{"@type":"SearchAction","target":{"@type":"EntryPoint","urlTemplate":"https:\/\/www.hotelvictoriavicenza.com\/?s={search_term_string}"},"query-input":{"@type":"PropertyValueSpecification","valueRequired":true,"valueName":"search_term_string"}}],"inLanguage":"fr-FR"}]}},"_links":{"self":[{"href":"https:\/\/www.hotelvictoriavicenza.com\/fr\/wp-json\/wp\/v2\/pages\/3964"}],"collection":[{"href":"https:\/\/www.hotelvictoriavicenza.com\/fr\/wp-json\/wp\/v2\/pages"}],"about":[{"href":"https:\/\/www.hotelvictoriavicenza.com\/fr\/wp-json\/wp\/v2\/types\/page"}],"author":[{"embeddable":true,"href":"https:\/\/www.hotelvictoriavicenza.com\/fr\/wp-json\/wp\/v2\/users\/1"}],"replies":[{"embeddable":true,"href":"https:\/\/www.hotelvictoriavicenza.com\/fr\/wp-json\/wp\/v2\/comments?post=3964"}],"version-history":[{"count":0,"href":"https:\/\/www.hotelvictoriavicenza.com\/fr\/wp-json\/wp\/v2\/pages\/3964\/revisions"}],"wp:attachment":[{"href":"https:\/\/www.hotelvictoriavicenza.com\/fr\/wp-json\/wp\/v2\/media?parent=3964"}],"curies":[{"name":"wp","href":"https:\/\/api.w.org\/{rel}","templated":true}]}}