{"id":3926,"date":"2019-03-26T08:46:10","date_gmt":"2019-03-26T07:46:10","guid":{"rendered":"https:\/\/hotelvictoriavicenza.com\/?page_id=3926"},"modified":"2019-04-04T10:55:44","modified_gmt":"2019-04-04T08:55:44","slug":"hotel","status":"publish","type":"page","link":"https:\/\/www.hotelvictoriavicenza.com\/de\/hotel\/","title":{"rendered":"Hotel"},"content":{"rendered":"<\/p>\n","protected":false},"excerpt":{"rendered":"","protected":false},"author":1,"featured_media":0,"parent":0,"menu_order":0,"comment_status":"closed","ping_status":"closed","template":"","meta":{"footnotes":""},"class_list":["post-3926","page","type-page","status-publish","hentry"],"yoast_head":"<!-- This site is optimized with the Yoast SEO plugin v23.6 - https:\/\/yoast.com\/wordpress\/plugins\/seo\/ -->\n<title>Hotel - Hotel Victoria Vicenza<\/title>\n<meta name=\"description\" content=\"as Hotel Victoria ist deal fuer einen verl\u00e4ngerten lAufenthalt oder f\u00fcr einen kurzen Besuch der Stadt, da nur 5 Minuten Fahrt vom Zenrum entfernt und daf\u00fcr nahe an den wichtigsten Sehenswuerdigkeiten , aber gleichzeitig sehr ruhig. Ausserdem, ist das Hotel 1 Km von der Ederle Kaserne, und 7 Km von der Messegelaende weit weg.\" \/>\n<meta name=\"robots\" content=\"index, follow, max-snippet:-1, max-image-preview:large, max-video-preview:-1\" \/>\n<link rel=\"canonical\" href=\"https:\/\/www.hotelvictoriavicenza.com\/de\/hotel\/\" \/>\n<meta property=\"og:locale\" content=\"de_DE\" \/>\n<meta property=\"og:type\" content=\"article\" \/>\n<meta property=\"og:title\" content=\"Hotel - Hotel Victoria Vicenza\" \/>\n<meta property=\"og:description\" content=\"as Hotel Victoria ist deal fuer einen verl\u00e4ngerten lAufenthalt oder f\u00fcr einen kurzen Besuch der Stadt, da nur 5 Minuten Fahrt vom Zenrum entfernt und daf\u00fcr nahe an den wichtigsten Sehenswuerdigkeiten , aber gleichzeitig sehr ruhig. Ausserdem, ist das Hotel 1 Km von der Ederle Kaserne, und 7 Km von der Messegelaende weit weg.\" \/>\n<meta property=\"og:url\" content=\"https:\/\/www.hotelvictoriavicenza.com\/de\/hotel\/\" \/>\n<meta property=\"og:site_name\" content=\"Hotel Victoria Vicenza\" \/>\n<meta property=\"article:modified_time\" content=\"2019-04-04T08:55:44+00:00\" \/>\n<meta name=\"twitter:card\" content=\"summary_large_image\" \/>\n<meta name=\"twitter:label1\" content=\"Gesch\u00e4tzte Lesezeit\" \/>\n\t<meta name=\"twitter:data1\" content=\"2\u00a0Minuten\" \/>\n<script type=\"application\/ld+json\" class=\"yoast-schema-graph\">{\"@context\":\"https:\/\/schema.org\",\"@graph\":[{\"@type\":\"WebPage\",\"@id\":\"https:\/\/www.hotelvictoriavicenza.com\/de\/hotel\/\",\"url\":\"https:\/\/www.hotelvictoriavicenza.com\/de\/hotel\/\",\"name\":\"Hotel - Hotel Victoria Vicenza\",\"isPartOf\":{\"@id\":\"https:\/\/www.hotelvictoriavicenza.com\/#website\"},\"datePublished\":\"2019-03-26T07:46:10+00:00\",\"dateModified\":\"2019-04-04T08:55:44+00:00\",\"description\":\"as Hotel Victoria ist deal fuer einen verl\u00e4ngerten lAufenthalt oder f\u00fcr einen kurzen Besuch der Stadt, da nur 5 Minuten Fahrt vom Zenrum entfernt und daf\u00fcr nahe an den wichtigsten Sehenswuerdigkeiten , aber gleichzeitig sehr ruhig. Ausserdem, ist das Hotel 1 Km von der Ederle Kaserne, und 7 Km von der Messegelaende weit weg.\",\"breadcrumb\":{\"@id\":\"https:\/\/www.hotelvictoriavicenza.com\/de\/hotel\/#breadcrumb\"},\"inLanguage\":\"de\",\"potentialAction\":[{\"@type\":\"ReadAction\",\"target\":[\"https:\/\/www.hotelvictoriavicenza.com\/de\/hotel\/\"]}]},{\"@type\":\"BreadcrumbList\",\"@id\":\"https:\/\/www.hotelvictoriavicenza.com\/de\/hotel\/#breadcrumb\",\"itemListElement\":[{\"@type\":\"ListItem\",\"position\":1,\"name\":\"Home\",\"item\":\"https:\/\/www.hotelvictoriavicenza.com\/de\/\"},{\"@type\":\"ListItem\",\"position\":2,\"name\":\"Hotel\"}]},{\"@type\":\"WebSite\",\"@id\":\"https:\/\/www.hotelvictoriavicenza.com\/#website\",\"url\":\"https:\/\/www.hotelvictoriavicenza.com\/\",\"name\":\"Hotel Victoria Vicenza\",\"description\":\"\",\"potentialAction\":[{\"@type\":\"SearchAction\",\"target\":{\"@type\":\"EntryPoint\",\"urlTemplate\":\"https:\/\/www.hotelvictoriavicenza.com\/?s={search_term_string}\"},\"query-input\":{\"@type\":\"PropertyValueSpecification\",\"valueRequired\":true,\"valueName\":\"search_term_string\"}}],\"inLanguage\":\"de\"}]}<\/script>\n<!-- \/ Yoast SEO plugin. -->","yoast_head_json":{"title":"Hotel - Hotel Victoria Vicenza","description":"as Hotel Victoria ist deal fuer einen verl\u00e4ngerten lAufenthalt oder f\u00fcr einen kurzen Besuch der Stadt, da nur 5 Minuten Fahrt vom Zenrum entfernt und daf\u00fcr nahe an den wichtigsten Sehenswuerdigkeiten , aber gleichzeitig sehr ruhig. Ausserdem, ist das Hotel 1 Km von der Ederle Kaserne, und 7 Km von der Messegelaende weit weg.","robots":{"index":"index","follow":"follow","max-snippet":"max-snippet:-1","max-image-preview":"max-image-preview:large","max-video-preview":"max-video-preview:-1"},"canonical":"https:\/\/www.hotelvictoriavicenza.com\/de\/hotel\/","og_locale":"de_DE","og_type":"article","og_title":"Hotel - Hotel Victoria Vicenza","og_description":"as Hotel Victoria ist deal fuer einen verl\u00e4ngerten lAufenthalt oder f\u00fcr einen kurzen Besuch der Stadt, da nur 5 Minuten Fahrt vom Zenrum entfernt und daf\u00fcr nahe an den wichtigsten Sehenswuerdigkeiten , aber gleichzeitig sehr ruhig. Ausserdem, ist das Hotel 1 Km von der Ederle Kaserne, und 7 Km von der Messegelaende weit weg.","og_url":"https:\/\/www.hotelvictoriavicenza.com\/de\/hotel\/","og_site_name":"Hotel Victoria Vicenza","article_modified_time":"2019-04-04T08:55:44+00:00","twitter_card":"summary_large_image","twitter_misc":{"Gesch\u00e4tzte Lesezeit":"2\u00a0Minuten"},"schema":{"@context":"https:\/\/schema.org","@graph":[{"@type":"WebPage","@id":"https:\/\/www.hotelvictoriavicenza.com\/de\/hotel\/","url":"https:\/\/www.hotelvictoriavicenza.com\/de\/hotel\/","name":"Hotel - Hotel Victoria Vicenza","isPartOf":{"@id":"https:\/\/www.hotelvictoriavicenza.com\/#website"},"datePublished":"2019-03-26T07:46:10+00:00","dateModified":"2019-04-04T08:55:44+00:00","description":"as Hotel Victoria ist deal fuer einen verl\u00e4ngerten lAufenthalt oder f\u00fcr einen kurzen Besuch der Stadt, da nur 5 Minuten Fahrt vom Zenrum entfernt und daf\u00fcr nahe an den wichtigsten Sehenswuerdigkeiten , aber gleichzeitig sehr ruhig. Ausserdem, ist das Hotel 1 Km von der Ederle Kaserne, und 7 Km von der Messegelaende weit weg.","breadcrumb":{"@id":"https:\/\/www.hotelvictoriavicenza.com\/de\/hotel\/#breadcrumb"},"inLanguage":"de","potentialAction":[{"@type":"ReadAction","target":["https:\/\/www.hotelvictoriavicenza.com\/de\/hotel\/"]}]},{"@type":"BreadcrumbList","@id":"https:\/\/www.hotelvictoriavicenza.com\/de\/hotel\/#breadcrumb","itemListElement":[{"@type":"ListItem","position":1,"name":"Home","item":"https:\/\/www.hotelvictoriavicenza.com\/de\/"},{"@type":"ListItem","position":2,"name":"Hotel"}]},{"@type":"WebSite","@id":"https:\/\/www.hotelvictoriavicenza.com\/#website","url":"https:\/\/www.hotelvictoriavicenza.com\/","name":"Hotel Victoria Vicenza","description":"","potentialAction":[{"@type":"SearchAction","target":{"@type":"EntryPoint","urlTemplate":"https:\/\/www.hotelvictoriavicenza.com\/?s={search_term_string}"},"query-input":{"@type":"PropertyValueSpecification","valueRequired":true,"valueName":"search_term_string"}}],"inLanguage":"de"}]}},"_links":{"self":[{"href":"https:\/\/www.hotelvictoriavicenza.com\/de\/wp-json\/wp\/v2\/pages\/3926"}],"collection":[{"href":"https:\/\/www.hotelvictoriavicenza.com\/de\/wp-json\/wp\/v2\/pages"}],"about":[{"href":"https:\/\/www.hotelvictoriavicenza.com\/de\/wp-json\/wp\/v2\/types\/page"}],"author":[{"embeddable":true,"href":"https:\/\/www.hotelvictoriavicenza.com\/de\/wp-json\/wp\/v2\/users\/1"}],"replies":[{"embeddable":true,"href":"https:\/\/www.hotelvictoriavicenza.com\/de\/wp-json\/wp\/v2\/comments?post=3926"}],"version-history":[{"count":0,"href":"https:\/\/www.hotelvictoriavicenza.com\/de\/wp-json\/wp\/v2\/pages\/3926\/revisions"}],"wp:attachment":[{"href":"https:\/\/www.hotelvictoriavicenza.com\/de\/wp-json\/wp\/v2\/media?parent=3926"}],"curies":[{"name":"wp","href":"https:\/\/api.w.org\/{rel}","templated":true}]}}